{"id":476,"date":"2024-08-13T01:48:44","date_gmt":"2024-08-12T22:48:44","guid":{"rendered":"https:\/\/gurkankalkan.com\/?page_id=476"},"modified":"2024-08-13T01:54:23","modified_gmt":"2024-08-12T22:54:23","slug":"gold-procedure-files","status":"publish","type":"page","link":"https:\/\/gurkankalkan.com\/index.php\/gold-procedure-files\/","title":{"rendered":"GOLD PROCEDURE FILES"},"content":{"rendered":"\n<h3 class=\"wp-block-heading has-text-align-center\">MAKE SURE YOU HAVE PREPARED THE NECESSARY PROCEDURES FOR YOUR GOLD REQUESTS!!!<\/h3>\n\n\n\n<h3 class=\"wp-block-heading has-text-align-center\">GOLD REFINERIES WILL DEFINITELY ASK YOU TO FULFIL THESE PROCEDURES.<\/h3>\n\n\n\n<p><\/p>\n\n\n\n<div data-wp-interactive=\"core\/file\" class=\"wp-block-file\"><object data-wp-bind--hidden=\"!state.hasPdfPreview\"  class=\"wp-block-file__embed\" data=\"https:\/\/gurkankalkan.com\/wp-content\/uploads\/2024\/08\/GOLD-REQUIRED-DOCUMENTS-FOR-CUSTOMER-RECOGNITION.pdf\" type=\"application\/pdf\" style=\"width:100%;height:600px\" aria-label=\"GOLD REQUIRED DOCUMENTS FOR CUSTOMER RECOGNITION g\u00f6m\u00fcs\u00fc.\"><\/object><a id=\"wp-block-file--media-500e96e0-337e-40f0-a6b4-70a229422859\" href=\"https:\/\/gurkankalkan.com\/wp-content\/uploads\/2024\/08\/GOLD-REQUIRED-DOCUMENTS-FOR-CUSTOMER-RECOGNITION.pdf\">GOLD REQUIRED DOCUMENTS FOR CUSTOMER RECOGNITION<\/a><a href=\"https:\/\/gurkankalkan.com\/wp-content\/uploads\/2024\/08\/GOLD-REQUIRED-DOCUMENTS-FOR-CUSTOMER-RECOGNITION.pdf\" class=\"wp-block-file__button wp-element-button\" download aria-describedby=\"wp-block-file--media-500e96e0-337e-40f0-a6b4-70a229422859\">\u0130ndir<\/a><\/div>\n\n\n\n<p><\/p>\n\n\n\n<p class=\"has-text-align-right\"><strong><a href=\"https:\/\/gurkankalkan.com\/index.php\/oil-and-gold\/\">PREVIOUS PAGE<\/a><\/strong><\/p>\n","protected":false},"excerpt":{"rendered":"<p>MAKE SURE YOU HAVE PREPARED THE NECESSARY PROCEDURES FOR YOUR GOLD REQUESTS!!! GOLD REFINERIES WILL DEFINITELY ASK YOU TO FULFIL THESE PROCEDURES. PREVIOUS PAGE<\/p>\n","protected":false},"author":1,"featured_media":0,"parent":0,"menu_order":0,"comment_status":"closed","ping_status":"closed","template":"","meta":{"footnotes":""},"class_list":["post-476","page","type-page","status-publish","hentry"],"_links":{"self":[{"href":"https:\/\/gurkankalkan.com\/index.php\/wp-json\/wp\/v2\/pages\/476"}],"collection":[{"href":"https:\/\/gurkankalkan.com\/index.php\/wp-json\/wp\/v2\/pages"}],"about":[{"href":"https:\/\/gurkankalkan.com\/index.php\/wp-json\/wp\/v2\/types\/page"}],"author":[{"embeddable":true,"href":"https:\/\/gurkankalkan.com\/index.php\/wp-json\/wp\/v2\/users\/1"}],"replies":[{"embeddable":true,"href":"https:\/\/gurkankalkan.com\/index.php\/wp-json\/wp\/v2\/comments?post=476"}],"version-history":[{"count":2,"href":"https:\/\/gurkankalkan.com\/index.php\/wp-json\/wp\/v2\/pages\/476\/revisions"}],"predecessor-version":[{"id":482,"href":"https:\/\/gurkankalkan.com\/index.php\/wp-json\/wp\/v2\/pages\/476\/revisions\/482"}],"wp:attachment":[{"href":"https:\/\/gurkankalkan.com\/index.php\/wp-json\/wp\/v2\/media?parent=476"}],"curies":[{"name":"wp","href":"https:\/\/api.w.org\/{rel}","templated":true}]}}