{"id":458,"date":"2024-08-13T01:32:10","date_gmt":"2024-08-12T22:32:10","guid":{"rendered":"https:\/\/gurkankalkan.com\/?page_id=458"},"modified":"2024-08-13T01:46:39","modified_gmt":"2024-08-12T22:46:39","slug":"procedures-files","status":"publish","type":"page","link":"https:\/\/gurkankalkan.com\/index.php\/procedures-files\/","title":{"rendered":"OIL PROCEDURES FILES"},"content":{"rendered":"\n<h3 class=\"wp-block-heading has-text-align-center\">MAKE SURE YOU HAVE PREPARED THE NECESSARY PROCEDURES FOR YOUR OIL REQUESTS!!!<\/h3>\n\n\n\n<h3 class=\"wp-block-heading has-text-align-center\">OIL REFINERIES WILL DEFINITELY ASK YOU TO FULFIL THESE PROCEDURES.<\/h3>\n\n\n\n<h3 class=\"wp-block-heading has-text-align-center\">LOI AND KYC SHOULD BE PREPARED AFTERWARDS.<\/h3>\n\n\n\n<p><\/p>\n\n\n\n<div data-wp-interactive=\"core\/file\" class=\"wp-block-file\"><object data-wp-bind--hidden=\"!state.hasPdfPreview\"  class=\"wp-block-file__embed\" data=\"https:\/\/gurkankalkan.com\/wp-content\/uploads\/2024\/08\/FOB-PROCEDURES.pdf\" type=\"application\/pdf\" style=\"width:100%;height:600px\" aria-label=\"FOB PROCEDURES g\u00f6m\u00fcs\u00fc.\"><\/object><a id=\"wp-block-file--media-1a92a57e-edb4-4e51-9aa5-0d25264916a9\" href=\"https:\/\/gurkankalkan.com\/wp-content\/uploads\/2024\/08\/FOB-PROCEDURES.pdf\">FOB PROCEDURES<\/a><a href=\"https:\/\/gurkankalkan.com\/wp-content\/uploads\/2024\/08\/FOB-PROCEDURES.pdf\" class=\"wp-block-file__button wp-element-button\" download aria-describedby=\"wp-block-file--media-1a92a57e-edb4-4e51-9aa5-0d25264916a9\">\u0130ndir<\/a><\/div>\n\n\n\n<p class=\"has-text-align-right\"><strong><a href=\"https:\/\/gurkankalkan.com\/index.php\/oil-and-gold\/\" data-type=\"link\" data-id=\"https:\/\/gurkankalkan.com\/index.php\/oil-and-gold\/\">PREVIOUS PAGE<\/a><\/strong><\/p>\n\n\n\n<p><\/p>\n\n\n\n<p><\/p>\n","protected":false},"excerpt":{"rendered":"<p>MAKE SURE YOU HAVE PREPARED THE NECESSARY PROCEDURES FOR YOUR OIL REQUESTS!!! OIL REFINERIES WILL DEFINITELY ASK YOU TO FULFIL THESE PROCEDURES. LOI AND KYC SHOULD BE PREPARED AFTERWARDS. PREVIOUS PAGE<\/p>\n","protected":false},"author":1,"featured_media":0,"parent":0,"menu_order":0,"comment_status":"closed","ping_status":"closed","template":"","meta":{"footnotes":""},"class_list":["post-458","page","type-page","status-publish","hentry"],"_links":{"self":[{"href":"https:\/\/gurkankalkan.com\/index.php\/wp-json\/wp\/v2\/pages\/458"}],"collection":[{"href":"https:\/\/gurkankalkan.com\/index.php\/wp-json\/wp\/v2\/pages"}],"about":[{"href":"https:\/\/gurkankalkan.com\/index.php\/wp-json\/wp\/v2\/types\/page"}],"author":[{"embeddable":true,"href":"https:\/\/gurkankalkan.com\/index.php\/wp-json\/wp\/v2\/users\/1"}],"replies":[{"embeddable":true,"href":"https:\/\/gurkankalkan.com\/index.php\/wp-json\/wp\/v2\/comments?post=458"}],"version-history":[{"count":3,"href":"https:\/\/gurkankalkan.com\/index.php\/wp-json\/wp\/v2\/pages\/458\/revisions"}],"predecessor-version":[{"id":474,"href":"https:\/\/gurkankalkan.com\/index.php\/wp-json\/wp\/v2\/pages\/458\/revisions\/474"}],"wp:attachment":[{"href":"https:\/\/gurkankalkan.com\/index.php\/wp-json\/wp\/v2\/media?parent=458"}],"curies":[{"name":"wp","href":"https:\/\/api.w.org\/{rel}","templated":true}]}}