{"id":36,"date":"2024-08-11T17:17:19","date_gmt":"2024-08-11T14:17:19","guid":{"rendered":"https:\/\/gurkankalkan.com\/?page_id=36"},"modified":"2024-08-12T06:01:11","modified_gmt":"2024-08-12T03:01:11","slug":"about-me","status":"publish","type":"page","link":"https:\/\/gurkankalkan.com\/index.php\/about-me\/","title":{"rendered":"ABOUT ME"},"content":{"rendered":"\n<p><\/p>\n\n\n\n<div class=\"wp-block-group\"><div class=\"wp-block-group__inner-container is-layout-constrained wp-block-group-is-layout-constrained\">\n<p><strong>Birth Date :<\/strong> 22\/01\/1974<br><strong>Birth Place : <\/strong>Zonguldak<br><strong>Nationality : <\/strong>T\u00fcrk<\/p>\n<\/div><\/div>\n\n\n\n<figure class=\"wp-block-gallery has-nested-images columns-default is-cropped wp-block-gallery-1 is-layout-flex wp-block-gallery-is-layout-flex\">\n<figure class=\"wp-block-image size-large\"><img loading=\"lazy\" decoding=\"async\" width=\"531\" height=\"1024\" data-id=\"25\" src=\"https:\/\/gurkankalkan.com\/wp-content\/uploads\/2024\/08\/4-1-531x1024.jpg\" alt=\"\" class=\"wp-image-25\" srcset=\"https:\/\/gurkankalkan.com\/wp-content\/uploads\/2024\/08\/4-1-531x1024.jpg 531w, https:\/\/gurkankalkan.com\/wp-content\/uploads\/2024\/08\/4-1-156x300.jpg 156w, https:\/\/gurkankalkan.com\/wp-content\/uploads\/2024\/08\/4-1-768x1481.jpg 768w, https:\/\/gurkankalkan.com\/wp-content\/uploads\/2024\/08\/4-1-796x1536.jpg 796w, https:\/\/gurkankalkan.com\/wp-content\/uploads\/2024\/08\/4-1.jpg 829w\" sizes=\"(max-width: 531px) 100vw, 531px\" \/><\/figure>\n\n\n\n<figure class=\"wp-block-image size-large\"><img loading=\"lazy\" decoding=\"async\" width=\"424\" height=\"1024\" data-id=\"26\" src=\"https:\/\/gurkankalkan.com\/wp-content\/uploads\/2024\/08\/5-424x1024.jpg\" alt=\"\" class=\"wp-image-26\" srcset=\"https:\/\/gurkankalkan.com\/wp-content\/uploads\/2024\/08\/5-424x1024.jpg 424w, https:\/\/gurkankalkan.com\/wp-content\/uploads\/2024\/08\/5-124x300.jpg 124w, https:\/\/gurkankalkan.com\/wp-content\/uploads\/2024\/08\/5-636x1536.jpg 636w, https:\/\/gurkankalkan.com\/wp-content\/uploads\/2024\/08\/5.jpg 662w\" sizes=\"(max-width: 424px) 100vw, 424px\" \/><\/figure>\n\n\n\n<figure class=\"wp-block-image size-large\"><img loading=\"lazy\" decoding=\"async\" width=\"536\" height=\"1024\" data-id=\"22\" src=\"https:\/\/gurkankalkan.com\/wp-content\/uploads\/2024\/08\/1-536x1024.jpg\" alt=\"\" class=\"wp-image-22\" srcset=\"https:\/\/gurkankalkan.com\/wp-content\/uploads\/2024\/08\/1-536x1024.jpg 536w, https:\/\/gurkankalkan.com\/wp-content\/uploads\/2024\/08\/1-157x300.jpg 157w, https:\/\/gurkankalkan.com\/wp-content\/uploads\/2024\/08\/1-768x1466.jpg 768w, https:\/\/gurkankalkan.com\/wp-content\/uploads\/2024\/08\/1-804x1536.jpg 804w, https:\/\/gurkankalkan.com\/wp-content\/uploads\/2024\/08\/1.jpg 838w\" sizes=\"(max-width: 536px) 100vw, 536px\" \/><\/figure>\n<\/figure>\n\n\n\n<p><\/p>\n\n\n\n<h4 class=\"wp-block-heading\"><strong>TIME SCHEDULE<\/strong><\/h4>\n\n\n\n<h5 class=\"wp-block-heading\"><strong>After graduating as a Landscape Architect and Urban Designer, I applied the first Ottoman Park concept in Turkey in 2002 as the 1st winner of Gaziantep \u015eehitk\u00e2mil Municipality Ottoman Park Competition. <\/strong><\/h5>\n\n\n\n<h5 class=\"wp-block-heading\"><strong>Between 2002-2004, I was awarded with plaques by signing many projects in Gaziantep.<\/strong><\/h5>\n\n\n\n<h5 class=\"wp-block-heading\"><strong>Between 2005-2008, I made many park and landscape projects and applications of Yenimahalle Municipality, \u00c7ankaya Municipality, Alt\u0131nda\u011f Municipality, Ke\u00e7i\u00f6ren Municipality and Ankara Metropolitan Municipality in Ankara. Currently, 18 parks that I have implemented in Ankara are still being used by my fellow citizens of Ankara.<\/strong><\/h5>\n\n\n\n<h5 class=\"wp-block-heading\"><strong>In 2007, I was awarded with a plaque by Bilkent University Alumni Center in the panel titled &#8220;Life After Graduation&#8221; for the correct information and strategies I showed to the students as a graduate.<\/strong><\/h5>\n\n\n\n<h5 class=\"wp-block-heading\"><strong>Between 2008-2010, I continued to work as the CEO of Bozo\u011flu Group Companies. I ensured the continuity of Izmir Metropolitan Municipality Metro Constructions. I continued my working life as the Project Coordinator of the construction of 750 houses in Izmir Mavi\u015fehir and 4000 houses in Izmir Limontepe.<\/strong><\/h5>\n\n\n\n<h5 class=\"wp-block-heading\"><strong>In 2010, I undertook the construction of Ata\u015fehir Municipality Wedding Hall in Istanbul and the fine works of \u015eehrizar Mansions in \u00dcsk\u00fcdar.<\/strong><\/h5>\n\n\n\n<h5 class=\"wp-block-heading\"><strong>In 2010, I undertook the construction of Ata\u015fehir Municipality  Wedding Hall in Istanbul and the construction of \u015eehrizar Mansions in \u00dcsk\u00fcdar.<\/strong><\/h5>\n\n\n\n<h5 class=\"wp-block-heading\"><strong>In 2011, I was invited to the city of &#8220;Grozny&#8221; in Chechnya by President Ramazan Kadirov for the modification and realization of the projects. I organized the implementation projects for 3 months.<\/strong><\/h5>\n\n\n\n<h5 class=\"wp-block-heading\"><strong> In 2012, I organized panels for the opening of Apprenticeship and Mastery Vocational High School in Central Asian Turkic Republics in order to educate young people in independent Turkic Republics and to enable unemployed young people to acquire a profession.<\/strong><\/h5>\n\n\n\n<h5 class=\"wp-block-heading\"><strong>In 2012, I founded OZGAN YAPI PEYZAJ LTD. \u015eT\u0130. and I drew the project of Ankara Metropolitan Municipality to convert the reinforced concrete of all subway exits in Ankara into escalators.<\/strong><\/h5>\n\n\n\n<h5 class=\"wp-block-heading\"><strong>In 2014, I became the project author by drawing the Istanbul Be\u015fikta\u015f Stadium together with our teacher B\u00fcnyamin Derman.<\/strong><\/h5>\n\n\n\n<h5 class=\"wp-block-heading\"><strong>In 2015, I became the project author by drawing the Ankara Eryaman Stadium project together with our teacher B\u00fcnyamin Derman.<\/strong><\/h5>\n\n\n\n<h5 class=\"wp-block-heading\"><strong>In 2013, I established GAP Production Organization Ltd. \u015eti and started to provide Gold, Oil, Gas, Advertising and TV Production services. The company&#8217;s work is still ongoing.<\/strong><\/h5>\n\n\n\n<h5 class=\"wp-block-heading\"><strong>In 2019, I became a partner in the Rezfree Agricultural Products company founded in Ankara \u00c7ubuk by Duran \u00dcstek, a valuable scientist of the Dr. Aziz Sancar Foundation. Currently, our factory continues to work in Kyrgyzstan and Uzbekistan and is conducting research to open factories in these countries.<\/strong><\/h5>\n\n\n\n<h5 class=\"wp-block-heading\"><strong>In 2020, we established KAM Bilgi Teknolojileri A.\u015e. The product of our company was accredited by the Ministry of Interior of the Republic of Turkey and we developed the software that allows 100,800 associations in Turkey to hold their General Assembly and Board of Directors in electronic environment. In this way, we have ensured the security of all our citizens by ensuring that all data of 100,800 associations and 8 million users in Turkey are securely stored in the distributor stations in Turkey. In terms of the protection of personal data, our system has received the title of the only company in Turkey and the only company in the world with an international patent for end-to-end encryption of calls. Our company is a member of the Cyber Cluster of the Presidency of Defense Industry and received the 2nd prize as the best Startup at Teknofest Ankara in 2023.<\/strong><\/h5>\n\n\n\n<h5 class=\"wp-block-heading\"><strong>In 2020, as the founder of the Eurasian History and Civilizations Association (ATAMDER), I have been carrying out activities in Turkey and with the countries in the Eurasian Geography.<\/strong><\/h5>\n\n\n\n<p><\/p>\n\n\n\n<p><\/p>\n\n\n\n<p><\/p>\n\n\n\n<p class=\"has-text-align-right\"><\/p>\n","protected":false},"excerpt":{"rendered":"<p>Birth Date : 22\/01\/1974Birth Place : ZonguldakNationality : T\u00fcrk TIME SCHEDULE After graduating as a Landscape Architect and Urban Designer, I applied the first Ottoman Park concept in Turkey in 2002 as the 1st winner of Gaziantep \u015eehitk\u00e2mil Municipality Ottoman Park Competition. Between 2002-2004, I was awarded with plaques by signing many projects in Gaziantep. &hellip; <\/p>\n","protected":false},"author":1,"featured_media":0,"parent":0,"menu_order":0,"comment_status":"closed","ping_status":"closed","template":"","meta":{"footnotes":""},"class_list":["post-36","page","type-page","status-publish","hentry"],"_links":{"self":[{"href":"https:\/\/gurkankalkan.com\/index.php\/wp-json\/wp\/v2\/pages\/36"}],"collection":[{"href":"https:\/\/gurkankalkan.com\/index.php\/wp-json\/wp\/v2\/pages"}],"about":[{"href":"https:\/\/gurkankalkan.com\/index.php\/wp-json\/wp\/v2\/types\/page"}],"author":[{"embeddable":true,"href":"https:\/\/gurkankalkan.com\/index.php\/wp-json\/wp\/v2\/users\/1"}],"replies":[{"embeddable":true,"href":"https:\/\/gurkankalkan.com\/index.php\/wp-json\/wp\/v2\/comments?post=36"}],"version-history":[{"count":10,"href":"https:\/\/gurkankalkan.com\/index.php\/wp-json\/wp\/v2\/pages\/36\/revisions"}],"predecessor-version":[{"id":367,"href":"https:\/\/gurkankalkan.com\/index.php\/wp-json\/wp\/v2\/pages\/36\/revisions\/367"}],"wp:attachment":[{"href":"https:\/\/gurkankalkan.com\/index.php\/wp-json\/wp\/v2\/media?parent=36"}],"curies":[{"name":"wp","href":"https:\/\/api.w.org\/{rel}","templated":true}]}}