{"id":166,"date":"2024-08-11T19:28:10","date_gmt":"2024-08-11T16:28:10","guid":{"rendered":"https:\/\/gurkankalkan.com\/?page_id=166"},"modified":"2024-08-17T02:35:50","modified_gmt":"2024-08-16T23:35:50","slug":"my-experience-in-technology","status":"publish","type":"page","link":"https:\/\/gurkankalkan.com\/index.php\/my-experience-in-technology\/","title":{"rendered":"MY EXPERIENCE IN TECHNOLOGY"},"content":{"rendered":"\n<h4 class=\"wp-block-heading\">January 2021- <\/h4>\n\n\n\n<h3 class=\"wp-block-heading\">KAM \u0130nformation Technologies INC.<\/h3>\n\n\n\n<h4 class=\"wp-block-heading\">Chairman of the Board of Directors<\/h4>\n\n\n\n<p><a href=\"https:\/\/kambilgi.com.tr\">https:\/\/kambilgi.com.tr<\/a><\/p>\n\n\n\n<p><strong>About :<\/strong> Our company Kam Bilgi Teknolojileri was established in January 2021 with the aim of developing secure communication and information technologies.<br>As Kam Bilgi Teknolojileri A.\u015e., we aim to deliver new generation technologies to people in the most reliable way.<br>The company continues its activities in Istanbul Technopark, Ankara Technopark and its head office in \u00c7ankaya, Ankara.<\/p>\n\n\n\n<p>In 2022, Kam Bilgi Teknolojileri A.\u015e. launched the Pirameet Video Conference System brand, a cloud-based video conferencing service that is resistant to increasing cyber attacks. In the same year, Pirameet was entitled to provide the E-General Assembly and E-Board of Directors service published by the Ministry of Interior for Non-Governmental Organizations.<\/p>\n\n\n\n<p>Pirameet offers a perfect communication experience by meticulously planning and realizing the video communication needs of organizations. With our electronic signature and authentication services, you get much more than a video conferencing system.<\/p>\n\n\n\n<p>In 2023, we became a member of the Turkish Cyber Security Cluster by meeting the requirements of the Presidency of Defense Industries.<br>We continue our efforts to increase the international recognition and reliability of our company.<\/p>\n\n\n\n<p><a href=\"https:\/\/kambilgi.com.tr\/yapay-zeka\">https:\/\/kambilgi.com.tr\/yapay-zeka<\/a><\/p>\n\n\n\n<p><a href=\"https:\/\/kambilgi.com.tr\/metaverse\">https:\/\/kambilgi.com.tr\/metaverse<\/a><\/p>\n\n\n\n<p><a href=\"https:\/\/kambilgi.com.tr\/blok-zincir\">https:\/\/kambilgi.com.tr\/blok-zincir<\/a><\/p>\n\n\n\n<p><\/p>\n\n\n\n<figure class=\"wp-block-embed is-type-video is-provider-youtube wp-block-embed-youtube wp-embed-aspect-16-9 wp-has-aspect-ratio\"><div class=\"wp-block-embed__wrapper\">\n<iframe loading=\"lazy\" title=\"G\u00fcvenli, Video Konferans ve Medya Platformu Pirameet\" width=\"1020\" height=\"574\" src=\"https:\/\/www.youtube.com\/embed\/tqZiKl26EuM?feature=oembed\" frameborder=\"0\" allow=\"accelerometer; autoplay; clipboard-write; encrypted-media; gyroscope; picture-in-picture; web-share\" referrerpolicy=\"strict-origin-when-cross-origin\" allowfullscreen><\/iframe>\n<\/div><\/figure>\n\n\n\n<figure class=\"wp-block-embed is-type-video is-provider-youtube wp-block-embed-youtube wp-embed-aspect-16-9 wp-has-aspect-ratio\"><div class=\"wp-block-embed__wrapper\">\n<iframe loading=\"lazy\" title=\"Pirameet E-Genel ve E-Y\u00f6netim Kurulu\" width=\"1020\" height=\"574\" src=\"https:\/\/www.youtube.com\/embed\/2vwwQ-YQ1zY?feature=oembed\" frameborder=\"0\" allow=\"accelerometer; autoplay; clipboard-write; encrypted-media; gyroscope; picture-in-picture; web-share\" referrerpolicy=\"strict-origin-when-cross-origin\" allowfullscreen><\/iframe>\n<\/div><\/figure>\n\n\n\n<figure class=\"wp-block-embed is-type-video is-provider-youtube wp-block-embed-youtube wp-embed-aspect-16-9 wp-has-aspect-ratio\"><div class=\"wp-block-embed__wrapper\">\n<iframe loading=\"lazy\" title=\"Pirameet - E-Genel Kurul ve E-Y\u00f6netim Kurulu Tan\u0131t\u0131m Videosu\" width=\"1020\" height=\"574\" src=\"https:\/\/www.youtube.com\/embed\/a41ltFwtgvg?feature=oembed\" frameborder=\"0\" allow=\"accelerometer; autoplay; clipboard-write; encrypted-media; gyroscope; picture-in-picture; web-share\" referrerpolicy=\"strict-origin-when-cross-origin\" allowfullscreen><\/iframe>\n<\/div><\/figure>\n\n\n\n<p><\/p>\n\n\n\n<figure class=\"wp-block-embed is-type-video is-provider-youtube wp-block-embed-youtube wp-embed-aspect-16-9 wp-has-aspect-ratio\"><div class=\"wp-block-embed__wrapper\">\n<iframe loading=\"lazy\" title=\"PiraMEET VCP ( Video Conferencing  and Media Platform )\" width=\"1020\" height=\"574\" src=\"https:\/\/www.youtube.com\/embed\/A39Mn4wROO8?feature=oembed\" frameborder=\"0\" allow=\"accelerometer; autoplay; clipboard-write; encrypted-media; gyroscope; picture-in-picture; web-share\" referrerpolicy=\"strict-origin-when-cross-origin\" allowfullscreen><\/iframe>\n<\/div><\/figure>\n\n\n\n<figure class=\"wp-block-embed is-type-video is-provider-youtube wp-block-embed-youtube wp-embed-aspect-16-9 wp-has-aspect-ratio\"><div class=\"wp-block-embed__wrapper\">\n<iframe loading=\"lazy\" title=\"6 \u015eubat 2023\" width=\"1020\" height=\"574\" src=\"https:\/\/www.youtube.com\/embed\/o_dayapxiSw?feature=oembed\" frameborder=\"0\" allow=\"accelerometer; autoplay; clipboard-write; encrypted-media; gyroscope; picture-in-picture; web-share\" referrerpolicy=\"strict-origin-when-cross-origin\" allowfullscreen><\/iframe>\n<\/div><\/figure>\n\n\n\n<p><\/p>\n\n\n\n<p><\/p>\n\n\n\n<p class=\"has-text-align-right\"><strong><a href=\"https:\/\/gurkankalkan.com\/index.php\/work-experience\/\">PREVIOUS PAGE<\/a><\/strong><\/p>\n","protected":false},"excerpt":{"rendered":"<p>January 2021- KAM \u0130nformation Technologies INC. Chairman of the Board of Directors https:\/\/kambilgi.com.tr About : Our company Kam Bilgi Teknolojileri was established in January 2021 with the aim of developing secure communication and information technologies.As Kam Bilgi Teknolojileri A.\u015e., we aim to deliver new generation technologies to people in the most reliable way.The company continues &hellip; <\/p>\n","protected":false},"author":1,"featured_media":0,"parent":0,"menu_order":0,"comment_status":"closed","ping_status":"closed","template":"","meta":{"footnotes":""},"class_list":["post-166","page","type-page","status-publish","hentry"],"_links":{"self":[{"href":"https:\/\/gurkankalkan.com\/index.php\/wp-json\/wp\/v2\/pages\/166"}],"collection":[{"href":"https:\/\/gurkankalkan.com\/index.php\/wp-json\/wp\/v2\/pages"}],"about":[{"href":"https:\/\/gurkankalkan.com\/index.php\/wp-json\/wp\/v2\/types\/page"}],"author":[{"embeddable":true,"href":"https:\/\/gurkankalkan.com\/index.php\/wp-json\/wp\/v2\/users\/1"}],"replies":[{"embeddable":true,"href":"https:\/\/gurkankalkan.com\/index.php\/wp-json\/wp\/v2\/comments?post=166"}],"version-history":[{"count":7,"href":"https:\/\/gurkankalkan.com\/index.php\/wp-json\/wp\/v2\/pages\/166\/revisions"}],"predecessor-version":[{"id":534,"href":"https:\/\/gurkankalkan.com\/index.php\/wp-json\/wp\/v2\/pages\/166\/revisions\/534"}],"wp:attachment":[{"href":"https:\/\/gurkankalkan.com\/index.php\/wp-json\/wp\/v2\/media?parent=166"}],"curies":[{"name":"wp","href":"https:\/\/api.w.org\/{rel}","templated":true}]}}