{"id":161,"date":"2024-08-11T19:28:10","date_gmt":"2024-08-11T16:28:10","guid":{"rendered":"https:\/\/gurkankalkan.com\/?page_id=161"},"modified":"2024-08-12T03:30:30","modified_gmt":"2024-08-12T00:30:30","slug":"my-experience-in-landscape-architecture-and-urban-design","status":"publish","type":"page","link":"https:\/\/gurkankalkan.com\/index.php\/my-experience-in-landscape-architecture-and-urban-design\/","title":{"rendered":"MY EXPERIENCE IN LANDSCAPE ARCHITECTURE AND URBAN DESIGN"},"content":{"rendered":"\n<p><strong>June 2001-July 2008<\/strong><\/p>\n\n\n\n<h4 class=\"wp-block-heading\"><strong>GK GROUP<\/strong> \/ <strong>General Manager<\/strong><\/h4>\n\n\n\n<p>About : Founded in 2001, the company first started its activities as GK Construction Landscaping Ltd. \u015eti. started to operate as. <\/p>\n\n\n\n<p>By opening a 2000 m2 showroom in Ankara \u00c7ayyolu in 2005 has made progress in the construction, project, import and landscaping sectors. <\/p>\n\n\n\n<p>In 2006 GK INTERNATIONAL LTD.\u015eTI., GK PROJECT LTD.\u015eTI., BINBI\u0307R URBAN LTD. and MG MEDYA GARDEN PROD\u00dcKS\u0130YON LTD.<\/p>\n\n\n\n<p>Within the fields of activity of the group company; Steel Construction Structures, Prefabricated Houses, Park Structures, Architectural and Urban Design Projects, Plant sales, Garden Furniture import and sales, plant import and sales, construction materials sales, compilation and sales of TV programs.<\/p>\n\n\n\n<p>In 2007, I gave a completely different direction to my business life with an offer from Bozo\u011flu Group that was difficult to turn down.<\/p>\n\n\n\n<h5 class=\"wp-block-heading\"><strong>MY WORK EXPERIENCE IN GK CONSTRUCTION AND GROUP COMPANIES<\/strong><\/h5>\n\n\n\n<h5 class=\"wp-block-heading\"><strong>2001-2002 ANKARA KE\u00c7\u0130\u00d6REN MUNICIPALITY KASALAR MEVKIINDE PARK CONSTRUCTION<\/strong><\/h5>\n\n\n\n<h5 class=\"wp-block-heading\"><strong>2001-2002 ANKARA KE\u00c7\u0130\u00d6REN MUNICIPALITY PARK CONSTRUCTION IN SUBAYEVLER<\/strong><\/h5>\n\n\n\n<h5 class=\"wp-block-heading\"><strong>2002 ANKARA KE\u00c7\u0130\u00d6REN MUNICIPALITY ARTIFICIAL WATERFALL AND PARK CONSTRUCTION<\/strong><\/h5>\n\n\n\n<h5 class=\"wp-block-heading\"><strong>2002 ANKARA KE\u00c7I\u00d6REN MUNICIPALITY SPORTS FIELD AND PARK CONSTRUCTION WORK<\/strong><\/h5>\n\n\n\n<h4 class=\"wp-block-heading\"><strong>2003 G.ANTEP \u015eEHITKAMIL MUNICIPALITY HEALTHY LIFE PARK PROJECT AND APPLICATION<\/strong><\/h4>\n\n\n\n<figure class=\"wp-block-gallery has-nested-images columns-default is-cropped wp-block-gallery-1 is-layout-flex wp-block-gallery-is-layout-flex\">\n<figure class=\"wp-block-image size-large\"><img loading=\"lazy\" decoding=\"async\" width=\"1024\" height=\"576\" data-id=\"273\" src=\"https:\/\/gurkankalkan.com\/wp-content\/uploads\/2024\/08\/sehitkamil-saglikli-yasam-parki.jpg\" alt=\"\" class=\"wp-image-273\" srcset=\"https:\/\/gurkankalkan.com\/wp-content\/uploads\/2024\/08\/sehitkamil-saglikli-yasam-parki.jpg 1024w, https:\/\/gurkankalkan.com\/wp-content\/uploads\/2024\/08\/sehitkamil-saglikli-yasam-parki-300x169.jpg 300w, https:\/\/gurkankalkan.com\/wp-content\/uploads\/2024\/08\/sehitkamil-saglikli-yasam-parki-768x432.jpg 768w\" sizes=\"(max-width: 1024px) 100vw, 1024px\" \/><\/figure>\n\n\n\n<figure class=\"wp-block-image size-large\"><img loading=\"lazy\" decoding=\"async\" width=\"768\" height=\"1024\" data-id=\"278\" src=\"https:\/\/gurkankalkan.com\/wp-content\/uploads\/2024\/08\/sehitkamil-saglikli-yasam-parki-5-768x1024.jpg\" alt=\"\" class=\"wp-image-278\" srcset=\"https:\/\/gurkankalkan.com\/wp-content\/uploads\/2024\/08\/sehitkamil-saglikli-yasam-parki-5-768x1024.jpg 768w, https:\/\/gurkankalkan.com\/wp-content\/uploads\/2024\/08\/sehitkamil-saglikli-yasam-parki-5-225x300.jpg 225w, https:\/\/gurkankalkan.com\/wp-content\/uploads\/2024\/08\/sehitkamil-saglikli-yasam-parki-5.jpg 960w\" sizes=\"(max-width: 768px) 100vw, 768px\" \/><\/figure>\n\n\n\n<figure class=\"wp-block-image size-large\"><img loading=\"lazy\" decoding=\"async\" width=\"768\" height=\"1024\" data-id=\"277\" src=\"https:\/\/gurkankalkan.com\/wp-content\/uploads\/2024\/08\/sehitkamil-saglikli-yasam-parki-4-768x1024.jpg\" alt=\"\" class=\"wp-image-277\" srcset=\"https:\/\/gurkankalkan.com\/wp-content\/uploads\/2024\/08\/sehitkamil-saglikli-yasam-parki-4-768x1024.jpg 768w, https:\/\/gurkankalkan.com\/wp-content\/uploads\/2024\/08\/sehitkamil-saglikli-yasam-parki-4-225x300.jpg 225w, https:\/\/gurkankalkan.com\/wp-content\/uploads\/2024\/08\/sehitkamil-saglikli-yasam-parki-4.jpg 960w\" sizes=\"(max-width: 768px) 100vw, 768px\" \/><\/figure>\n\n\n\n<figure class=\"wp-block-image size-large\"><img loading=\"lazy\" decoding=\"async\" width=\"700\" height=\"484\" data-id=\"275\" src=\"https:\/\/gurkankalkan.com\/wp-content\/uploads\/2024\/08\/sehitkamil-saglikli-yasam-parki-2.jpg\" alt=\"\" class=\"wp-image-275\" srcset=\"https:\/\/gurkankalkan.com\/wp-content\/uploads\/2024\/08\/sehitkamil-saglikli-yasam-parki-2.jpg 700w, https:\/\/gurkankalkan.com\/wp-content\/uploads\/2024\/08\/sehitkamil-saglikli-yasam-parki-2-300x207.jpg 300w\" sizes=\"(max-width: 700px) 100vw, 700px\" \/><\/figure>\n\n\n\n<figure class=\"wp-block-image size-large\"><img loading=\"lazy\" decoding=\"async\" width=\"768\" height=\"1024\" data-id=\"276\" src=\"https:\/\/gurkankalkan.com\/wp-content\/uploads\/2024\/08\/sehitkamil-saglikli-yasam-parki-3-768x1024.jpg\" alt=\"\" class=\"wp-image-276\" srcset=\"https:\/\/gurkankalkan.com\/wp-content\/uploads\/2024\/08\/sehitkamil-saglikli-yasam-parki-3-768x1024.jpg 768w, https:\/\/gurkankalkan.com\/wp-content\/uploads\/2024\/08\/sehitkamil-saglikli-yasam-parki-3-225x300.jpg 225w, https:\/\/gurkankalkan.com\/wp-content\/uploads\/2024\/08\/sehitkamil-saglikli-yasam-parki-3.jpg 960w\" sizes=\"(max-width: 768px) 100vw, 768px\" \/><\/figure>\n<\/figure>\n\n\n\n<p><\/p>\n\n\n\n<h4 class=\"wp-block-heading\"><strong>2003 G.ANTEP \u015eEHITKAMIL MUNICIPALITY OTTOMAN PARK PROJECT<\/strong><\/h4>\n\n\n\n<figure class=\"wp-block-gallery has-nested-images columns-default is-cropped wp-block-gallery-2 is-layout-flex wp-block-gallery-is-layout-flex\">\n<figure class=\"wp-block-image size-large\"><img loading=\"lazy\" decoding=\"async\" width=\"969\" height=\"614\" data-id=\"250\" src=\"https:\/\/gurkankalkan.com\/wp-content\/uploads\/2024\/08\/OSMANLI-PARKI-1.jpg\" alt=\"\" class=\"wp-image-250\" srcset=\"https:\/\/gurkankalkan.com\/wp-content\/uploads\/2024\/08\/OSMANLI-PARKI-1.jpg 969w, https:\/\/gurkankalkan.com\/wp-content\/uploads\/2024\/08\/OSMANLI-PARKI-1-300x190.jpg 300w, https:\/\/gurkankalkan.com\/wp-content\/uploads\/2024\/08\/OSMANLI-PARKI-1-768x487.jpg 768w\" sizes=\"(max-width: 969px) 100vw, 969px\" \/><\/figure>\n\n\n\n<figure class=\"wp-block-image size-large\"><img loading=\"lazy\" decoding=\"async\" width=\"1020\" height=\"606\" data-id=\"252\" src=\"https:\/\/gurkankalkan.com\/wp-content\/uploads\/2024\/08\/OSMANLI-PARKI-3.jpg\" alt=\"\" class=\"wp-image-252\" srcset=\"https:\/\/gurkankalkan.com\/wp-content\/uploads\/2024\/08\/OSMANLI-PARKI-3.jpg 1020w, https:\/\/gurkankalkan.com\/wp-content\/uploads\/2024\/08\/OSMANLI-PARKI-3-300x178.jpg 300w, https:\/\/gurkankalkan.com\/wp-content\/uploads\/2024\/08\/OSMANLI-PARKI-3-768x456.jpg 768w\" sizes=\"(max-width: 1020px) 100vw, 1020px\" \/><\/figure>\n\n\n\n<figure class=\"wp-block-image size-large\"><img loading=\"lazy\" decoding=\"async\" width=\"991\" height=\"744\" data-id=\"254\" src=\"https:\/\/gurkankalkan.com\/wp-content\/uploads\/2024\/08\/OSMANLI-PARKI-5.jpg\" alt=\"\" class=\"wp-image-254\" srcset=\"https:\/\/gurkankalkan.com\/wp-content\/uploads\/2024\/08\/OSMANLI-PARKI-5.jpg 991w, https:\/\/gurkankalkan.com\/wp-content\/uploads\/2024\/08\/OSMANLI-PARKI-5-300x225.jpg 300w, https:\/\/gurkankalkan.com\/wp-content\/uploads\/2024\/08\/OSMANLI-PARKI-5-768x577.jpg 768w, https:\/\/gurkankalkan.com\/wp-content\/uploads\/2024\/08\/OSMANLI-PARKI-5-600x450.jpg 600w\" sizes=\"(max-width: 991px) 100vw, 991px\" \/><\/figure>\n\n\n\n<figure class=\"wp-block-image size-large\"><img loading=\"lazy\" decoding=\"async\" width=\"640\" height=\"479\" data-id=\"249\" src=\"https:\/\/gurkankalkan.com\/wp-content\/uploads\/2024\/08\/OSMANLI-PARKI.jpg\" alt=\"\" class=\"wp-image-249\" srcset=\"https:\/\/gurkankalkan.com\/wp-content\/uploads\/2024\/08\/OSMANLI-PARKI.jpg 640w, https:\/\/gurkankalkan.com\/wp-content\/uploads\/2024\/08\/OSMANLI-PARKI-300x225.jpg 300w, https:\/\/gurkankalkan.com\/wp-content\/uploads\/2024\/08\/OSMANLI-PARKI-600x450.jpg 600w\" sizes=\"(max-width: 640px) 100vw, 640px\" \/><\/figure>\n\n\n\n<figure class=\"wp-block-image size-large\"><img loading=\"lazy\" decoding=\"async\" width=\"895\" height=\"652\" data-id=\"255\" src=\"https:\/\/gurkankalkan.com\/wp-content\/uploads\/2024\/08\/OSMANLI-PARKI-6.jpg\" alt=\"\" class=\"wp-image-255\" srcset=\"https:\/\/gurkankalkan.com\/wp-content\/uploads\/2024\/08\/OSMANLI-PARKI-6.jpg 895w, https:\/\/gurkankalkan.com\/wp-content\/uploads\/2024\/08\/OSMANLI-PARKI-6-300x219.jpg 300w, https:\/\/gurkankalkan.com\/wp-content\/uploads\/2024\/08\/OSMANLI-PARKI-6-768x559.jpg 768w\" sizes=\"(max-width: 895px) 100vw, 895px\" \/><\/figure>\n\n\n\n<figure class=\"wp-block-image size-large\"><img loading=\"lazy\" decoding=\"async\" width=\"778\" height=\"571\" data-id=\"253\" src=\"https:\/\/gurkankalkan.com\/wp-content\/uploads\/2024\/08\/OSMANLI-PARKI-4.jpg\" alt=\"\" class=\"wp-image-253\" srcset=\"https:\/\/gurkankalkan.com\/wp-content\/uploads\/2024\/08\/OSMANLI-PARKI-4.jpg 778w, https:\/\/gurkankalkan.com\/wp-content\/uploads\/2024\/08\/OSMANLI-PARKI-4-300x220.jpg 300w, https:\/\/gurkankalkan.com\/wp-content\/uploads\/2024\/08\/OSMANLI-PARKI-4-768x564.jpg 768w\" sizes=\"(max-width: 778px) 100vw, 778px\" \/><\/figure>\n\n\n\n<figure class=\"wp-block-image size-large\"><img loading=\"lazy\" decoding=\"async\" width=\"1023\" height=\"590\" data-id=\"251\" src=\"https:\/\/gurkankalkan.com\/wp-content\/uploads\/2024\/08\/OSMANLI-PARKI-2.jpg\" alt=\"\" class=\"wp-image-251\" srcset=\"https:\/\/gurkankalkan.com\/wp-content\/uploads\/2024\/08\/OSMANLI-PARKI-2.jpg 1023w, https:\/\/gurkankalkan.com\/wp-content\/uploads\/2024\/08\/OSMANLI-PARKI-2-300x173.jpg 300w, https:\/\/gurkankalkan.com\/wp-content\/uploads\/2024\/08\/OSMANLI-PARKI-2-768x443.jpg 768w\" sizes=\"(max-width: 1023px) 100vw, 1023px\" \/><\/figure>\n<\/figure>\n\n\n\n<p><\/p>\n\n\n\n<h4 class=\"wp-block-heading\"><strong>2004 G.ANTEP \u015eEHITKAMIL MUNICIPALITY PROMENADE AREA PROJECT IN ANIMAL MARKET AREA<\/strong><\/h4>\n\n\n\n<figure class=\"wp-block-gallery has-nested-images columns-default is-cropped wp-block-gallery-3 is-layout-flex wp-block-gallery-is-layout-flex\">\n<figure class=\"wp-block-image size-large\"><img loading=\"lazy\" decoding=\"async\" width=\"1024\" height=\"641\" data-id=\"314\" src=\"https:\/\/gurkankalkan.com\/wp-content\/uploads\/2024\/08\/GAZIANTEP-SEHITKEMIL-GUVENEVLER-1-1024x641.jpg\" alt=\"\" class=\"wp-image-314\" srcset=\"https:\/\/gurkankalkan.com\/wp-content\/uploads\/2024\/08\/GAZIANTEP-SEHITKEMIL-GUVENEVLER-1-1024x641.jpg 1024w, https:\/\/gurkankalkan.com\/wp-content\/uploads\/2024\/08\/GAZIANTEP-SEHITKEMIL-GUVENEVLER-1-300x188.jpg 300w, https:\/\/gurkankalkan.com\/wp-content\/uploads\/2024\/08\/GAZIANTEP-SEHITKEMIL-GUVENEVLER-1-768x481.jpg 768w, https:\/\/gurkankalkan.com\/wp-content\/uploads\/2024\/08\/GAZIANTEP-SEHITKEMIL-GUVENEVLER-1.jpg 1189w\" sizes=\"(max-width: 1024px) 100vw, 1024px\" \/><\/figure>\n<\/figure>\n\n\n\n<p><\/p>\n\n\n\n<h4 class=\"wp-block-heading\"><strong>2004 G.ANTEP \u015eEHITKAMIL MUNICIPALITY MERVE CITY PARK PROJECT<\/strong><\/h4>\n\n\n\n<figure class=\"wp-block-gallery has-nested-images columns-default is-cropped wp-block-gallery-4 is-layout-flex wp-block-gallery-is-layout-flex\">\n<figure class=\"wp-block-image size-large\"><img loading=\"lazy\" decoding=\"async\" width=\"1009\" height=\"711\" data-id=\"316\" src=\"https:\/\/gurkankalkan.com\/wp-content\/uploads\/2024\/08\/GAZIANTEP-SEHITKAMIL-GUVENEVLER-ENERJI-1.jpg\" alt=\"\" class=\"wp-image-316\" srcset=\"https:\/\/gurkankalkan.com\/wp-content\/uploads\/2024\/08\/GAZIANTEP-SEHITKAMIL-GUVENEVLER-ENERJI-1.jpg 1009w, https:\/\/gurkankalkan.com\/wp-content\/uploads\/2024\/08\/GAZIANTEP-SEHITKAMIL-GUVENEVLER-ENERJI-1-300x211.jpg 300w, https:\/\/gurkankalkan.com\/wp-content\/uploads\/2024\/08\/GAZIANTEP-SEHITKAMIL-GUVENEVLER-ENERJI-1-768x541.jpg 768w\" sizes=\"(max-width: 1009px) 100vw, 1009px\" \/><\/figure>\n<\/figure>\n\n\n\n<h5 class=\"wp-block-heading\"><strong>2004 G.ANTEP METROPOLITAN MUNICIPALITY INTERSECTION ARRANGEMENT PROJECT AND APPLICATION<\/strong><\/h5>\n\n\n\n<h4 class=\"wp-block-heading\"><strong>2004 G.ANTEP METROPOLITAN MUNICIPALITY ARTIFICIAL ROCK WATERFALL CONSTRUCTION<\/strong><\/h4>\n\n\n\n<figure class=\"wp-block-gallery has-nested-images columns-default is-cropped wp-block-gallery-5 is-layout-flex wp-block-gallery-is-layout-flex\">\n<figure class=\"wp-block-image size-large\"><img loading=\"lazy\" decoding=\"async\" width=\"1024\" height=\"768\" data-id=\"280\" src=\"https:\/\/gurkankalkan.com\/wp-content\/uploads\/2024\/08\/gaziantep-yapay-kaya-selale-2-1024x768.jpeg\" alt=\"\" class=\"wp-image-280\" srcset=\"https:\/\/gurkankalkan.com\/wp-content\/uploads\/2024\/08\/gaziantep-yapay-kaya-selale-2-1024x768.jpeg 1024w, https:\/\/gurkankalkan.com\/wp-content\/uploads\/2024\/08\/gaziantep-yapay-kaya-selale-2-300x225.jpeg 300w, https:\/\/gurkankalkan.com\/wp-content\/uploads\/2024\/08\/gaziantep-yapay-kaya-selale-2-768x576.jpeg 768w, https:\/\/gurkankalkan.com\/wp-content\/uploads\/2024\/08\/gaziantep-yapay-kaya-selale-2-1536x1152.jpeg 1536w, https:\/\/gurkankalkan.com\/wp-content\/uploads\/2024\/08\/gaziantep-yapay-kaya-selale-2-600x450.jpeg 600w, https:\/\/gurkankalkan.com\/wp-content\/uploads\/2024\/08\/gaziantep-yapay-kaya-selale-2.jpeg 1600w\" sizes=\"(max-width: 1024px) 100vw, 1024px\" \/><\/figure>\n\n\n\n<figure class=\"wp-block-image size-large\"><img loading=\"lazy\" decoding=\"async\" width=\"299\" height=\"168\" data-id=\"279\" src=\"https:\/\/gurkankalkan.com\/wp-content\/uploads\/2024\/08\/gaziantep-yapay-kaya-selale-1.jpeg\" alt=\"\" class=\"wp-image-279\"\/><\/figure>\n<\/figure>\n\n\n\n<p><\/p>\n\n\n\n<h5 class=\"wp-block-heading\"><strong>2004 G.ANTEP BA\u015eTA\u015e A.\u015e. MASS HOUSING AREA LANDSCAPING PROJECT AND EXCAVATION STUDY<\/strong><\/h5>\n\n\n\n<h5 class=\"wp-block-heading\"><strong>2004 G.ANTEP AKTEKS A.\u015e. LANDSCAPING PROJECT AND IMPLEMENTATION<\/strong><\/h5>\n\n\n\n<h5 class=\"wp-block-heading\"><strong>2003-2004 G.ANTEP ADIL KONUKO\u011eLU VILLA LANDSCAPING PROJECT<\/strong><\/h5>\n\n\n\n<h5 class=\"wp-block-heading\"><strong>2005 WHITE HOUSE RESTAURANT LANDSCAPING PROJECT IN ANKARA \u00c7ANKAYA AND APPLICATION<\/strong><\/h5>\n\n\n\n<h5 class=\"wp-block-heading\"><strong>2005 YEAR ANKARA YENIMAHALLE MUNICIPALITY \u00c7IGDEM PARK AND SQUARE ARRANGEMENT PROJECT<\/strong><\/h5>\n\n\n\n<h4 class=\"wp-block-heading\"><strong>2005 U\u015eAK MUNICIPALITY ATAT\u00dcRK PARK LANDSCAPE PROJECT DRAWING AND TENDER FILE PREPARATION SERVICE PROCUREMENT<\/strong><\/h4>\n\n\n\n<figure class=\"wp-block-image size-large is-resized\"><img loading=\"lazy\" decoding=\"async\" width=\"1024\" height=\"653\" src=\"https:\/\/gurkankalkan.com\/wp-content\/uploads\/2024\/08\/USAK-ATATURK-PARKI-1-1024x653.jpg\" alt=\"\" class=\"wp-image-312\" style=\"width:843px;height:auto\" srcset=\"https:\/\/gurkankalkan.com\/wp-content\/uploads\/2024\/08\/USAK-ATATURK-PARKI-1-1024x653.jpg 1024w, https:\/\/gurkankalkan.com\/wp-content\/uploads\/2024\/08\/USAK-ATATURK-PARKI-1-300x191.jpg 300w, https:\/\/gurkankalkan.com\/wp-content\/uploads\/2024\/08\/USAK-ATATURK-PARKI-1-768x490.jpg 768w, https:\/\/gurkankalkan.com\/wp-content\/uploads\/2024\/08\/USAK-ATATURK-PARKI-1-1536x980.jpg 1536w, https:\/\/gurkankalkan.com\/wp-content\/uploads\/2024\/08\/USAK-ATATURK-PARKI-1-2048x1306.jpg 2048w\" sizes=\"(max-width: 1024px) 100vw, 1024px\" \/><\/figure>\n\n\n\n<h5 class=\"wp-block-heading\"><strong>2005 ANKARA YENIMAHALLE MUNICIPALITY S\u00dcSEN PARK PROJECT<\/strong><\/h5>\n\n\n\n<h5 class=\"wp-block-heading\"><strong>2005 ANKARA \u00c7AYYOLU MUHARREM DALO\u011eLU VILLA MAINTENANCE WORK<\/strong><\/h5>\n\n\n\n<h5 class=\"wp-block-heading\"><strong>2005 ANKARA G\u00d6LBA\u015eI MUHARREM DALO\u011eLU FARMHOUSE LANDSCAPE DESIGN AND IMPLEMENTATION<\/strong><\/h5>\n\n\n\n<h5 class=\"wp-block-heading\"><strong>2005 IZMIR DEMIRER A.\u015e. HIGH VALLEY MASS HOUSING AREA LANDSCAPE PROJECT<\/strong><\/h5>\n\n\n\n<h5 class=\"wp-block-heading\"><strong>2005 PUBLIC HOUSING AREA LANDSCAPING PROJECT IN BODRUM<\/strong><\/h5>\n\n\n\n<h5 class=\"wp-block-heading\"><strong>2005 ANKARA \u00c7AYYOLU TURYAPI VILLAS LANDSCAPE PROJECT AND APPLICATION<\/strong><\/h5>\n\n\n\n<h5 class=\"wp-block-heading\"><strong>2006 YEAR ANKARA-ANGORA SITE KADIR-ESRA YAVA\u015eO\u011eLU VILLA LANDSCAPING<\/strong><\/h5>\n\n\n\n<h5 class=\"wp-block-heading\"><strong>2006 YEAR ANKARA-YAMA\u00c7EVLER BARBAROS-RENGIN BOROVA VILLA LANDSCAPING<\/strong><\/h5>\n\n\n\n<h5 class=\"wp-block-heading\"><strong>2006 YENIMAHALLE MUNICIPALITY 4 PARK PROJECTS AND TENDER FILES PREPARATION WORK<\/strong><\/h5>\n\n\n\n<h4 class=\"wp-block-heading\"><strong>2006 ANKARA-\u00dcMITK\u00d6Y GALLERIA OPPOSITE PARK CONSTRUCTION<\/strong><\/h4>\n\n\n\n<figure class=\"wp-block-image size-large is-resized\"><img loading=\"lazy\" decoding=\"async\" width=\"773\" height=\"1024\" src=\"https:\/\/gurkankalkan.com\/wp-content\/uploads\/2024\/08\/GALERIA-KARSISI-PARK-1-773x1024.jpg\" alt=\"\" class=\"wp-image-313\" style=\"width:507px;height:auto\" srcset=\"https:\/\/gurkankalkan.com\/wp-content\/uploads\/2024\/08\/GALERIA-KARSISI-PARK-1-773x1024.jpg 773w, https:\/\/gurkankalkan.com\/wp-content\/uploads\/2024\/08\/GALERIA-KARSISI-PARK-1-226x300.jpg 226w, https:\/\/gurkankalkan.com\/wp-content\/uploads\/2024\/08\/GALERIA-KARSISI-PARK-1-768x1018.jpg 768w, https:\/\/gurkankalkan.com\/wp-content\/uploads\/2024\/08\/GALERIA-KARSISI-PARK-1-1159x1536.jpg 1159w, https:\/\/gurkankalkan.com\/wp-content\/uploads\/2024\/08\/GALERIA-KARSISI-PARK-1-1546x2048.jpg 1546w, https:\/\/gurkankalkan.com\/wp-content\/uploads\/2024\/08\/GALERIA-KARSISI-PARK-1-scaled.jpg 1932w\" sizes=\"(max-width: 773px) 100vw, 773px\" \/><\/figure>\n\n\n\n<h5 class=\"wp-block-heading\"><strong>2006 ANKARA-ATISAN JUNCTION PARK CONSTRUCTION<\/strong><\/h5>\n\n\n\n<h5 class=\"wp-block-heading\"><strong>2006 ERE\u011eL\u0130 MUNICIPALITY BEACH BAND-LANDSCAPING PROJECT<\/strong><\/h5>\n\n\n\n<h5 class=\"wp-block-heading\"><strong>2007 ANKARA YEN\u0130MAHALLE MUNICIPALITY 8 PROJECT DRAWINGS<\/strong><\/h5>\n\n\n\n<h5 class=\"wp-block-heading\"><strong>2007 ANKARA UMITK\u00d6Y BUSINESS CENTER LANDSCAPING<\/strong><\/h5>\n\n\n\n<h5 class=\"wp-block-heading\"><strong>2007 ANKARA UMITK\u00d6Y TERRACE GARDEN ARRANGEMENT<\/strong><\/h5>\n\n\n\n<h5 class=\"wp-block-heading\"><strong>2007 ANKARA G\u00d6LBA\u015eI DALSAN-LAFARGE FACTORY LANDSCAPING<\/strong><\/h5>\n\n\n\n<h5 class=\"wp-block-heading\"><strong>2007 ANKARA D\u0130KMEN VALLEY TERRACEVLER DALO\u011eLU HOUSE GARDEN ARRANGEMENT<\/strong><\/h5>\n\n\n\n<h5 class=\"wp-block-heading\"><strong>2007 BODRUM T\u00dcRKB\u00dcK\u00dc T\u0130MU\u00c7\u0130N-\u015eEBNEM DALO\u011eLU VILLA GARDEN LANDSCAPING<\/strong><\/h5>\n\n\n\n<h5 class=\"wp-block-heading\"><strong>2007 ANKARA UMITK\u00d6Y MUHARREM DALO\u011eLU VILLA GARDEN MAINTENANCE<\/strong><\/h5>\n\n\n\n<h5 class=\"wp-block-heading\"><strong>2007 ANKARA B\u0130LKENT-3 SEDAT BU\u00c7AK VILLA GARDEN<\/strong><\/h5>\n\n\n\n<h5 class=\"wp-block-heading\"><strong>2007 ANKARA \u00c7AYYOLU NUR K\u00dcT\u00dcK\u00c7\u00dc VILLA GARDEN<\/strong><\/h5>\n\n\n\n<h5 class=\"wp-block-heading\"><strong>2007 YEAR ANKARA G\u00dcZELYAKA NEIGHBORHOOD PARK CONSTRUCTION BETWEEN 61413-61422 ISLANDS<\/strong><\/h5>\n\n\n\n<h5 class=\"wp-block-heading\"><strong>2007 ANKARA BARI\u015e-1 NEIGHBORHOOD REVISED PARK CONSTRUCTION WORK<\/strong><\/h5>\n\n\n\n<h5 class=\"wp-block-heading\"><strong>2007 YEAR ANKARA ANADOLU NEIGHBORHOOD PARK CONSTRUCTION BETWEEN 41533-41535 ISLANDS<\/strong><\/h5>\n\n\n\n<h5 class=\"wp-block-heading\"><strong>2008 YEAR ANKARA KAM\u0130L OCAK NEIGHBORHOOD, 7104 ISLAND, PARK CONSTRUCTION AND KAM\u0130L OCAK PRIMARY SCHOOL ANDESITE COATING WORK<\/strong><\/h5>\n\n\n\n<h5 class=\"wp-block-heading\"><strong>2008 ANKARA KE\u00c7\u0130\u00d6REN SPORTS CLUB RENOVATION WORK<\/strong><\/h5>\n\n\n\n<h5 class=\"wp-block-heading\"><strong>2008 ANKARA ALTINDA\u011e MUNICIPALITY MARTYRDOM PARK CONSTRUCTION WORK<\/strong><\/h5>\n\n\n\n<p><\/p>\n\n\n\n<h6 class=\"wp-block-heading has-text-align-right\"><strong><a href=\"https:\/\/gurkankalkan.com\/index.php\/work-experience\/\">PREVIOUS PAGE<\/a><\/strong><\/h6>\n","protected":false},"excerpt":{"rendered":"<p>June 2001-July 2008 GK GROUP \/ General Manager About : Founded in 2001, the company first started its activities as GK Construction Landscaping Ltd. \u015eti. started to operate as. By opening a 2000 m2 showroom in Ankara \u00c7ayyolu in 2005 has made progress in the construction, project, import and landscaping sectors. In 2006 GK INTERNATIONAL &hellip; <\/p>\n","protected":false},"author":1,"featured_media":0,"parent":0,"menu_order":0,"comment_status":"closed","ping_status":"closed","template":"","meta":{"footnotes":""},"class_list":["post-161","page","type-page","status-publish","hentry"],"_links":{"self":[{"href":"https:\/\/gurkankalkan.com\/index.php\/wp-json\/wp\/v2\/pages\/161"}],"collection":[{"href":"https:\/\/gurkankalkan.com\/index.php\/wp-json\/wp\/v2\/pages"}],"about":[{"href":"https:\/\/gurkankalkan.com\/index.php\/wp-json\/wp\/v2\/types\/page"}],"author":[{"embeddable":true,"href":"https:\/\/gurkankalkan.com\/index.php\/wp-json\/wp\/v2\/users\/1"}],"replies":[{"embeddable":true,"href":"https:\/\/gurkankalkan.com\/index.php\/wp-json\/wp\/v2\/comments?post=161"}],"version-history":[{"count":5,"href":"https:\/\/gurkankalkan.com\/index.php\/wp-json\/wp\/v2\/pages\/161\/revisions"}],"predecessor-version":[{"id":317,"href":"https:\/\/gurkankalkan.com\/index.php\/wp-json\/wp\/v2\/pages\/161\/revisions\/317"}],"wp:attachment":[{"href":"https:\/\/gurkankalkan.com\/index.php\/wp-json\/wp\/v2\/media?parent=161"}],"curies":[{"name":"wp","href":"https:\/\/api.w.org\/{rel}","templated":true}]}}